{"id":14502,"date":"2021-01-08T16:20:39","date_gmt":"2021-01-08T15:20:39","guid":{"rendered":"https:\/\/tholos-alcantara.com\/home\/"},"modified":"2025-07-02T16:50:07","modified_gmt":"2025-07-02T14:50:07","slug":"home","status":"publish","type":"page","link":"https:\/\/tholos-alcantara.com\/fr\/","title":{"rendered":"HOME"},"content":{"rendered":"<p>[vc_row full_width=&#8221;stretch_row&#8221; gap=&#8221;15&#8243; content_text_aligment=&#8221;&#8221; use_row_as_full_screen_section=&#8221;no&#8221; css=&#8221;.vc_custom_1606215459884{margin-top: 50px !important;padding-bottom: 50px !important;background-color: #f5f5f5 !important;}&#8221; el_class=&#8221;mobile-full&#8221;][vc_column width=&#8221;1\/2&#8243; el_class=&#8221;animate animate-1&#8243;][vc_row_inner content_text_aligment=&#8221;&#8221;][vc_column_inner][vc_column_text]<\/p>\n<h3>Tholos Alcantara propose des produits alimentaires de la plus <strong>haute qualit\u00e9<\/strong>, qui proviennent de la r\u00e9gion entourant l&#8217;Etna, en Sicile, et de la vall\u00e9e de la rivi\u00e8re Alcantara, situ\u00e9e sur les pentes du volcan.<\/h3>\n<p>[\/vc_column_text][vc_single_image image=&#8221;14313&#8243; img_size=&#8221;full&#8221; alignment=&#8221;center&#8221;][\/vc_column_inner][\/vc_row_inner][\/vc_column][vc_column width=&#8221;1\/2&#8243; el_class=&#8221;animate&#8221;][vc_row_inner content_text_aligment=&#8221;&#8221;][vc_column_inner][vc_single_image image=&#8221;16095&#8243; img_size=&#8221;full&#8221; alignment=&#8221;center&#8221; onclick=&#8221;img_link_large&#8221; css=&#8221;.vc_custom_1751467036129{margin-bottom: 0px !important;}&#8221;][\/vc_column_inner][\/vc_row_inner][\/vc_column][\/vc_row][vc_row full_width=&#8221;stretch_row&#8221; content_text_aligment=&#8221;&#8221; use_row_as_full_screen_section=&#8221;no&#8221; css=&#8221;.vc_custom_1607533724881{background-color: #f5f5f5 !important;background-position: 0 0 !important;background-repeat: repeat !important;}&#8221; el_class=&#8221;spaced&#8221;][vc_column width=&#8221;1\/2&#8243; css=&#8221;.vc_custom_1606212805546{margin-bottom: 40px !important;}&#8221; el_class=&#8221;animate&#8221;][vc_column_text]<\/p>\n<h3><span style=\"color: #666666; font-size: 24px;\"><strong>Tholos Alcantara est n\u00e9 du d\u00e9sir de cr\u00e9er des produits naturels de la plus haute qualit\u00e9 en utilisant les mati\u00e8res premi\u00e8res de la r\u00e9gion de la Vall\u00e9e d&#8217;Alcantara.<\/strong><\/span><\/h3>\n<p>[\/vc_column_text][\/vc_column][\/vc_row][vc_row full_width=&#8221;stretch_row&#8221; gap=&#8221;15&#8243; content_text_aligment=&#8221;&#8221; use_row_as_full_screen_section=&#8221;no&#8221; css=&#8221;.vc_custom_1606214158262{margin-top: 50px !important;padding-bottom: 50px !important;}&#8221; el_class=&#8221;mobile-full&#8221;][vc_column width=&#8221;1\/2&#8243; el_class=&#8221;animate&#8221;][vc_row_inner content_placement=&#8221;bottom&#8221; content_text_aligment=&#8221;&#8221;][vc_column_inner width=&#8221;1\/2&#8243;][vc_single_image image=&#8221;14328&#8243; img_size=&#8221;full&#8221; alignment=&#8221;center&#8221; onclick=&#8221;img_link_large&#8221; css=&#8221;.vc_custom_1606213622727{margin-bottom: 0px !important;}&#8221;][\/vc_column_inner][vc_column_inner width=&#8221;1\/2&#8243;][vc_single_image image=&#8221;16089&#8243; img_size=&#8221;full&#8221; alignment=&#8221;center&#8221; onclick=&#8221;img_link_large&#8221; css=&#8221;.vc_custom_1751467466187{margin-bottom: 0px !important;}&#8221;][\/vc_column_inner][\/vc_row_inner][vc_empty_space height=&#8221;26px&#8221;][vc_row_inner content_placement=&#8221;bottom&#8221; content_text_aligment=&#8221;&#8221;][vc_column_inner width=&#8221;1\/2&#8243;][vc_single_image image=&#8221;14328&#8243; img_size=&#8221;full&#8221; alignment=&#8221;center&#8221; onclick=&#8221;img_link_large&#8221; css=&#8221;.vc_custom_1606213622727{margin-bottom: 0px !important;}&#8221;][\/vc_column_inner][vc_column_inner width=&#8221;1\/2&#8243;][vc_single_image image=&#8221;15639&#8243; img_size=&#8221;full&#8221; alignment=&#8221;center&#8221; onclick=&#8221;img_link_large&#8221; css=&#8221;.vc_custom_1751467512081{margin-bottom: 0px !important;}&#8221;][\/vc_column_inner][\/vc_row_inner][\/vc_column][vc_column width=&#8221;1\/2&#8243; el_class=&#8221;animate animate-1&#8243;][vc_column_text]Les produits Tholos ont une image <strong>moderne, minimale et \u00e9l\u00e9gante<\/strong>, en parfaite ad\u00e9quation avec ce qui caract\u00e9rise le territoire volcanique dont ils sont issus.<\/p>\n<p>L&#8217;entreprise est <strong>jeune et dynamique<\/strong>, familiale, avec une attention particuli\u00e8re aux d\u00e9tails ; la production est toujours suivie dans un souci de durabilit\u00e9 et de protection d&#8217;un territoire <strong>pr\u00e9cieux<\/strong>, dont nous voulons prendre soin et que nous voulons raconter.<\/p>\n<p>Sous la vue imposante du volcan se trouvent les merveilleuses <strong>gorges d&#8217;Alcantara<\/strong>, un canyon naturel creus\u00e9 par l&#8217;eau dans la roche volcanique, avec des parois caract\u00e9ristiques qui nous ont inspir\u00e9s pour cr\u00e9er l&#8217;image de nos produits.<\/p>\n<p>Les <strong>gorges d&#8217;Alcantara<\/strong> ont \u00e9t\u00e9 form\u00e9es par l&#8217;\u00e9coulement de l&#8217;eau d&#8217;une rivi\u00e8re sur d&#8217;\u00e9normes coul\u00e9es de <strong>lave refroidie<\/strong> provenant de l&#8217;activit\u00e9 volcanique de la r\u00e9gion. Les <strong>parois<\/strong> sont compos\u00e9es de <strong>roches basaltiques<\/strong> qui atteignent plusieurs dizaines de m\u00e8tres de hauteur. Un v\u00e9ritable <strong>canyon<\/strong> naturel, unique par sa forme et son originalit\u00e9.<\/p>\n<p><strong>Marcello Favazza<\/strong>, originaire de la vall\u00e9e du fleuve Alcantara, et <strong>Marco Moltrasio<\/strong>, originaire de Bergame mais sicilien d&#8217;adoption, ont voulu r\u00e9cup\u00e9rer les connaissances agricoles dont ils avaient h\u00e9rit\u00e9 et lancer l&#8217;entreprise Tholos Alcantara avec la production <strong>d&#8217;huile d&#8217;olive extra vierge<\/strong>.<\/p>\n<p>Notre objectif est d&#8217;\u00e9largir notre gamme de produits \u00e0 d&#8217;autres d\u00e9lices de notre merveilleuse terre, la <strong>Sicile<\/strong>.[\/vc_column_text][vc_empty_space height=&#8221;15px&#8221;][vc_row_inner content_placement=&#8221;bottom&#8221; content_text_aligment=&#8221;&#8221;][vc_column_inner width=&#8221;1\/3&#8243;][vc_single_image image=&#8221;14326&#8243; img_size=&#8221;300&#215;300&#8243; alignment=&#8221;center&#8221; onclick=&#8221;img_link_large&#8221; css=&#8221;.vc_custom_1606215420983{margin-bottom: 0px !important;}&#8221;][\/vc_column_inner][vc_column_inner width=&#8221;1\/3&#8243;][vc_single_image image=&#8221;14309&#8243; img_size=&#8221;300&#215;300&#8243; alignment=&#8221;center&#8221; onclick=&#8221;img_link_large&#8221; css=&#8221;.vc_custom_1606215440284{margin-bottom: 0px !important;}&#8221;][\/vc_column_inner][vc_column_inner width=&#8221;1\/3&#8243;][vc_single_image image=&#8221;14306&#8243; img_size=&#8221;300&#215;300&#8243; alignment=&#8221;center&#8221; onclick=&#8221;img_link_large&#8221; css=&#8221;.vc_custom_1606215480151{margin-bottom: 0px !important;}&#8221;][\/vc_column_inner][\/vc_row_inner][\/vc_column][\/vc_row][vc_row full_width=&#8221;stretch_row&#8221; equal_height=&#8221;yes&#8221; content_placement=&#8221;middle&#8221; content_text_aligment=&#8221;&#8221; use_row_as_full_screen_section=&#8221;no&#8221; css=&#8221;.vc_custom_1600701234363{padding-bottom: 70px !important;}&#8221; el_class=&#8221;overlapped&#8221;][vc_column width=&#8221;1\/3&#8243; css=&#8221;.vc_custom_1536745119080{margin-top: 110px !important;margin-right: 1px !important;margin-bottom: 30px !important;}&#8221;][vc_single_image image=&#8221;16092&#8243; img_size=&#8221;full&#8221; alignment=&#8221;center&#8221;][vc_empty_space][vc_custom_heading text=&#8221;Aller \u00e0 la boutique&#8221; link=&#8221;url:https%3A%2F%2Ftholos-alcantara.com%2Ffr%2Fcustom-shop%2F&#8221;][\/vc_column][\/vc_row]<\/p>\n","protected":false},"excerpt":{"rendered":"<p>[vc_row full_width=&#8221;stretch_row&#8221; gap=&#8221;15&#8243; content_text_aligment=&#8221;&#8221; use_row_as_full_screen_section=&#8221;no&#8221; css=&#8221;.vc_custom_1606215459884{margin-top: 50px !important;padding-bottom: 50px !important;background-color: #f5f5f5 !important;}&#8221; el_class=&#8221;mobile-full&#8221;][vc_column width=&#8221;1\/2&#8243; el_class=&#8221;animate animate-1&#8243;][vc_row_inner content_text_aligment=&#8221;&#8221;][vc_column_inner][vc_column_text] Tholos Alcantara propose des produits alimentaires de la plus haute qualit\u00e9, qui proviennent de la r\u00e9gion entourant l&#8217;Etna, en Sicile, et de la vall\u00e9e de la rivi\u00e8re Alcantara, [&hellip;]<\/p>\n","protected":false},"author":2,"featured_media":0,"parent":0,"menu_order":0,"comment_status":"closed","ping_status":"closed","template":"","meta":{"footnotes":""},"class_list":["post-14502","page","type-page","status-publish","hentry"],"yoast_head":"<!-- This site is optimized with the Yoast SEO plugin v27.4 - https:\/\/yoast.com\/product\/yoast-seo-wordpress\/ -->\n<title>HOME &#8212; Tholos Alcantara<\/title>\n<meta name=\"robots\" content=\"index, follow, max-snippet:-1, max-image-preview:large, max-video-preview:-1\" \/>\n<link rel=\"canonical\" href=\"https:\/\/tholos-alcantara.com\/fr\/\" \/>\n<meta property=\"og:locale\" content=\"fr_FR\" \/>\n<meta property=\"og:type\" content=\"article\" \/>\n<meta property=\"og:title\" content=\"HOME &#8212; Tholos Alcantara\" \/>\n<meta property=\"og:description\" content=\"[vc_row full_width=&#8221;stretch_row&#8221; gap=&#8221;15&#8243; content_text_aligment=&#8221;&#8221; use_row_as_full_screen_section=&#8221;no&#8221; css=&#8221;.vc_custom_1606215459884{margin-top: 50px !important;padding-bottom: 50px !important;background-color: #f5f5f5 !important;}&#8221; el_class=&#8221;mobile-full&#8221;][vc_column width=&#8221;1\/2&#8243; el_class=&#8221;animate animate-1&#8243;][vc_row_inner content_text_aligment=&#8221;&#8221;][vc_column_inner][vc_column_text] Tholos Alcantara propose des produits alimentaires de la plus haute qualit\u00e9, qui proviennent de la r\u00e9gion entourant l&#8217;Etna, en Sicile, et de la vall\u00e9e de la rivi\u00e8re Alcantara, [&hellip;]\" \/>\n<meta property=\"og:url\" content=\"https:\/\/tholos-alcantara.com\/fr\/\" \/>\n<meta property=\"og:site_name\" content=\"Tholos Alcantara\" \/>\n<meta property=\"article:publisher\" content=\"https:\/\/www.facebook.com\/BeO-Oil-by-Tholos-101702215144688\" \/>\n<meta property=\"article:modified_time\" content=\"2025-07-02T14:50:07+00:00\" \/>\n<meta property=\"og:image\" content=\"https:\/\/tholos-alcantara.com\/wp-content\/uploads\/2020\/12\/olio-evo-500ml-beo-by-tholos.jpg\" \/>\n<meta name=\"twitter:card\" content=\"summary_large_image\" \/>\n<meta name=\"twitter:label1\" content=\"Dur\u00e9e de lecture estim\u00e9e\" \/>\n\t<meta name=\"twitter:data1\" content=\"3 minutes\" \/>\n<script type=\"application\/ld+json\" class=\"yoast-schema-graph\">{\"@context\":\"https:\\\/\\\/schema.org\",\"@graph\":[{\"@type\":\"WebPage\",\"@id\":\"https:\\\/\\\/tholos-alcantara.com\\\/fr\\\/\",\"url\":\"https:\\\/\\\/tholos-alcantara.com\\\/fr\\\/\",\"name\":\"HOME &#8212; Tholos Alcantara\",\"isPartOf\":{\"@id\":\"https:\\\/\\\/tholos-alcantara.com\\\/#website\"},\"datePublished\":\"2021-01-08T15:20:39+00:00\",\"dateModified\":\"2025-07-02T14:50:07+00:00\",\"breadcrumb\":{\"@id\":\"https:\\\/\\\/tholos-alcantara.com\\\/fr\\\/#breadcrumb\"},\"inLanguage\":\"fr-FR\",\"potentialAction\":[{\"@type\":\"ReadAction\",\"target\":[\"https:\\\/\\\/tholos-alcantara.com\\\/fr\\\/\"]}]},{\"@type\":\"BreadcrumbList\",\"@id\":\"https:\\\/\\\/tholos-alcantara.com\\\/fr\\\/#breadcrumb\",\"itemListElement\":[{\"@type\":\"ListItem\",\"position\":1,\"name\":\"Home\",\"item\":\"https:\\\/\\\/tholos-alcantara.com\\\/fr\\\/\"},{\"@type\":\"ListItem\",\"position\":2,\"name\":\"HOME\"}]},{\"@type\":\"WebSite\",\"@id\":\"https:\\\/\\\/tholos-alcantara.com\\\/#website\",\"url\":\"https:\\\/\\\/tholos-alcantara.com\\\/\",\"name\":\"Tholos Alcantara\",\"description\":\"Taste the luxury\",\"publisher\":{\"@id\":\"https:\\\/\\\/tholos-alcantara.com\\\/#organization\"},\"potentialAction\":[{\"@type\":\"SearchAction\",\"target\":{\"@type\":\"EntryPoint\",\"urlTemplate\":\"https:\\\/\\\/tholos-alcantara.com\\\/?s={search_term_string}\"},\"query-input\":{\"@type\":\"PropertyValueSpecification\",\"valueRequired\":true,\"valueName\":\"search_term_string\"}}],\"inLanguage\":\"fr-FR\"},{\"@type\":\"Organization\",\"@id\":\"https:\\\/\\\/tholos-alcantara.com\\\/#organization\",\"name\":\"Tholos Alcantara\",\"url\":\"https:\\\/\\\/tholos-alcantara.com\\\/\",\"logo\":{\"@type\":\"ImageObject\",\"inLanguage\":\"fr-FR\",\"@id\":\"https:\\\/\\\/tholos-alcantara.com\\\/#\\\/schema\\\/logo\\\/image\\\/\",\"url\":\"https:\\\/\\\/tholos-alcantara.com\\\/wp-content\\\/uploads\\\/2020\\\/11\\\/logo-tholos-alcantara-1.png\",\"contentUrl\":\"https:\\\/\\\/tholos-alcantara.com\\\/wp-content\\\/uploads\\\/2020\\\/11\\\/logo-tholos-alcantara-1.png\",\"width\":250,\"height\":90,\"caption\":\"Tholos Alcantara\"},\"image\":{\"@id\":\"https:\\\/\\\/tholos-alcantara.com\\\/#\\\/schema\\\/logo\\\/image\\\/\"},\"sameAs\":[\"https:\\\/\\\/www.facebook.com\\\/BeO-Oil-by-Tholos-101702215144688\",\"https:\\\/\\\/www.instagram.com\\\/beo.oil\\\/\",\"https:\\\/\\\/www.linkedin.com\\\/company\\\/tholos-alcantara\",\"https:\\\/\\\/www.youtube.com\\\/channel\\\/UCS_ncw5snHjdBwvUdvrgoQA?view_as=subscriber\"]}]}<\/script>\n<!-- \/ Yoast SEO plugin. -->","yoast_head_json":{"title":"HOME &#8212; Tholos Alcantara","robots":{"index":"index","follow":"follow","max-snippet":"max-snippet:-1","max-image-preview":"max-image-preview:large","max-video-preview":"max-video-preview:-1"},"canonical":"https:\/\/tholos-alcantara.com\/fr\/","og_locale":"fr_FR","og_type":"article","og_title":"HOME &#8212; Tholos Alcantara","og_description":"[vc_row full_width=&#8221;stretch_row&#8221; gap=&#8221;15&#8243; content_text_aligment=&#8221;&#8221; use_row_as_full_screen_section=&#8221;no&#8221; css=&#8221;.vc_custom_1606215459884{margin-top: 50px !important;padding-bottom: 50px !important;background-color: #f5f5f5 !important;}&#8221; el_class=&#8221;mobile-full&#8221;][vc_column width=&#8221;1\/2&#8243; el_class=&#8221;animate animate-1&#8243;][vc_row_inner content_text_aligment=&#8221;&#8221;][vc_column_inner][vc_column_text] Tholos Alcantara propose des produits alimentaires de la plus haute qualit\u00e9, qui proviennent de la r\u00e9gion entourant l&#8217;Etna, en Sicile, et de la vall\u00e9e de la rivi\u00e8re Alcantara, [&hellip;]","og_url":"https:\/\/tholos-alcantara.com\/fr\/","og_site_name":"Tholos Alcantara","article_publisher":"https:\/\/www.facebook.com\/BeO-Oil-by-Tholos-101702215144688","article_modified_time":"2025-07-02T14:50:07+00:00","og_image":[{"url":"https:\/\/tholos-alcantara.com\/wp-content\/uploads\/2020\/12\/olio-evo-500ml-beo-by-tholos.jpg","type":"","width":"","height":""}],"twitter_card":"summary_large_image","twitter_misc":{"Dur\u00e9e de lecture estim\u00e9e":"3 minutes"},"schema":{"@context":"https:\/\/schema.org","@graph":[{"@type":"WebPage","@id":"https:\/\/tholos-alcantara.com\/fr\/","url":"https:\/\/tholos-alcantara.com\/fr\/","name":"HOME &#8212; Tholos Alcantara","isPartOf":{"@id":"https:\/\/tholos-alcantara.com\/#website"},"datePublished":"2021-01-08T15:20:39+00:00","dateModified":"2025-07-02T14:50:07+00:00","breadcrumb":{"@id":"https:\/\/tholos-alcantara.com\/fr\/#breadcrumb"},"inLanguage":"fr-FR","potentialAction":[{"@type":"ReadAction","target":["https:\/\/tholos-alcantara.com\/fr\/"]}]},{"@type":"BreadcrumbList","@id":"https:\/\/tholos-alcantara.com\/fr\/#breadcrumb","itemListElement":[{"@type":"ListItem","position":1,"name":"Home","item":"https:\/\/tholos-alcantara.com\/fr\/"},{"@type":"ListItem","position":2,"name":"HOME"}]},{"@type":"WebSite","@id":"https:\/\/tholos-alcantara.com\/#website","url":"https:\/\/tholos-alcantara.com\/","name":"Tholos Alcantara","description":"Taste the luxury","publisher":{"@id":"https:\/\/tholos-alcantara.com\/#organization"},"potentialAction":[{"@type":"SearchAction","target":{"@type":"EntryPoint","urlTemplate":"https:\/\/tholos-alcantara.com\/?s={search_term_string}"},"query-input":{"@type":"PropertyValueSpecification","valueRequired":true,"valueName":"search_term_string"}}],"inLanguage":"fr-FR"},{"@type":"Organization","@id":"https:\/\/tholos-alcantara.com\/#organization","name":"Tholos Alcantara","url":"https:\/\/tholos-alcantara.com\/","logo":{"@type":"ImageObject","inLanguage":"fr-FR","@id":"https:\/\/tholos-alcantara.com\/#\/schema\/logo\/image\/","url":"https:\/\/tholos-alcantara.com\/wp-content\/uploads\/2020\/11\/logo-tholos-alcantara-1.png","contentUrl":"https:\/\/tholos-alcantara.com\/wp-content\/uploads\/2020\/11\/logo-tholos-alcantara-1.png","width":250,"height":90,"caption":"Tholos Alcantara"},"image":{"@id":"https:\/\/tholos-alcantara.com\/#\/schema\/logo\/image\/"},"sameAs":["https:\/\/www.facebook.com\/BeO-Oil-by-Tholos-101702215144688","https:\/\/www.instagram.com\/beo.oil\/","https:\/\/www.linkedin.com\/company\/tholos-alcantara","https:\/\/www.youtube.com\/channel\/UCS_ncw5snHjdBwvUdvrgoQA?view_as=subscriber"]}]}},"_links":{"self":[{"href":"https:\/\/tholos-alcantara.com\/fr\/wp-json\/wp\/v2\/pages\/14502","targetHints":{"allow":["GET"]}}],"collection":[{"href":"https:\/\/tholos-alcantara.com\/fr\/wp-json\/wp\/v2\/pages"}],"about":[{"href":"https:\/\/tholos-alcantara.com\/fr\/wp-json\/wp\/v2\/types\/page"}],"author":[{"embeddable":true,"href":"https:\/\/tholos-alcantara.com\/fr\/wp-json\/wp\/v2\/users\/2"}],"replies":[{"embeddable":true,"href":"https:\/\/tholos-alcantara.com\/fr\/wp-json\/wp\/v2\/comments?post=14502"}],"version-history":[{"count":8,"href":"https:\/\/tholos-alcantara.com\/fr\/wp-json\/wp\/v2\/pages\/14502\/revisions"}],"predecessor-version":[{"id":16226,"href":"https:\/\/tholos-alcantara.com\/fr\/wp-json\/wp\/v2\/pages\/14502\/revisions\/16226"}],"wp:attachment":[{"href":"https:\/\/tholos-alcantara.com\/fr\/wp-json\/wp\/v2\/media?parent=14502"}],"curies":[{"name":"wp","href":"https:\/\/api.w.org\/{rel}","templated":true}]}}