{"id":14515,"date":"2021-01-08T16:35:58","date_gmt":"2021-01-08T15:35:58","guid":{"rendered":"https:\/\/tholos-alcantara.com\/contacts\/"},"modified":"2025-07-02T16:13:54","modified_gmt":"2025-07-02T14:13:54","slug":"contacts","status":"publish","type":"page","link":"https:\/\/tholos-alcantara.com\/fr\/contacts\/","title":{"rendered":"Contacts"},"content":{"rendered":"<p>[vc_row content_text_aligment=&#8221;&#8221; use_row_as_full_screen_section=&#8221;no&#8221;][vc_column][vc_single_image image=&#8221;14386&#8243; img_size=&#8221;full&#8221; alignment=&#8221;center&#8221;][\/vc_column][\/vc_row][vc_row content_placement=&#8221;top&#8221; row_content_width=&#8221;grid&#8221; content_text_aligment=&#8221;&#8221; use_row_as_full_screen_section=&#8221;no&#8221; css=&#8221;.vc_custom_1607607970193{padding-top: 20px !important;padding-bottom: 20px !important;}&#8221;][vc_column width=&#8221;1\/3&#8243;][vc_single_image image=&#8221;16115&#8243; img_size=&#8221;full&#8221;][\/vc_column][vc_column width=&#8221;2\/3&#8243; css=&#8221;.vc_custom_1607607525244{padding-top: 0px !important;}&#8221;][vc_column_text css=&#8221;.vc_custom_1607607565646{padding-top: 0px !important;}&#8221;]<\/p>\n<h3>Contacts<\/h3>\n<p>[\/vc_column_text][vc_empty_space height=&#8221;24&#8243;][vc_separator css=&#8221;.vc_custom_1465893407528{padding-bottom: 4px !important;}&#8221;][vc_column_text]<strong>Quartier g\u00e9n\u00e9ral op\u00e9rationnel:<\/strong> SS81 &#8211; C.da Marzacchina 161 &#8211; 95011 Calatabiano (CT)<\/p>\n<p><strong>Si\u00e8ge juridique:<\/strong> Via Gaetano Donizetti 13 &#8211; 24129 Bergamo (BG)[\/vc_column_text][vc_column_text][\/vc_column_text][vc_column_text][\/vc_column_text][vc_separator css=&#8221;.vc_custom_1465893442947{padding-top: 12px !important;}&#8221;][vc_column_text]<\/p>\n<h4>Pour plus d&#8217;informations et demandes, remplissez le formulaire de contact ci-dessous.<\/h4>\n<p>[\/vc_column_text]\n<div class=\"wpcf7 no-js\" id=\"wpcf7-f6793-o1\" lang=\"en-US\" dir=\"ltr\" data-wpcf7-id=\"6793\">\n<div class=\"screen-reader-response\"><p role=\"status\" aria-live=\"polite\" aria-atomic=\"true\"><\/p> <ul><\/ul><\/div>\n<form action=\"\/fr\/wp-json\/wp\/v2\/pages\/14515#wpcf7-f6793-o1\" method=\"post\" class=\"wpcf7-form init cf7_custom_style_1\" aria-label=\"Contact form\" novalidate=\"novalidate\" data-status=\"init\">\n<fieldset class=\"hidden-fields-container\"><input type=\"hidden\" name=\"_wpcf7\" value=\"6793\" \/><input type=\"hidden\" name=\"_wpcf7_version\" value=\"6.1.5\" \/><input type=\"hidden\" name=\"_wpcf7_locale\" value=\"en_US\" \/><input type=\"hidden\" name=\"_wpcf7_unit_tag\" value=\"wpcf7-f6793-o1\" \/><input type=\"hidden\" name=\"_wpcf7_container_post\" value=\"0\" \/><input type=\"hidden\" name=\"_wpcf7_posted_data_hash\" value=\"\" \/>\n<\/fieldset>\n<p><span class=\"wpcf7-form-control-wrap\" data-name=\"your-name\"><input size=\"40\" maxlength=\"400\" class=\"wpcf7-form-control wpcf7-text wpcf7-validates-as-required\" aria-required=\"true\" aria-invalid=\"false\" placeholder=\"Nome e Cognome\" value=\"\" type=\"text\" name=\"your-name\" \/><\/span>\n<\/p>\n<p><span class=\"wpcf7-form-control-wrap\" data-name=\"your-email\"><input size=\"40\" maxlength=\"400\" class=\"wpcf7-form-control wpcf7-email wpcf7-validates-as-required wpcf7-text wpcf7-validates-as-email\" aria-required=\"true\" aria-invalid=\"false\" placeholder=\"Email\" value=\"\" type=\"email\" name=\"your-email\" \/><\/span>\n<\/p>\n<p><span class=\"wpcf7-form-control-wrap\" data-name=\"your-subject\"><input size=\"40\" maxlength=\"400\" class=\"wpcf7-form-control wpcf7-text wpcf7-validates-as-required\" aria-required=\"true\" aria-invalid=\"false\" placeholder=\"Oggetto\" value=\"\" type=\"text\" name=\"your-subject\" \/><\/span>\n<\/p>\n<p><span class=\"wpcf7-form-control-wrap\" data-name=\"your-message\"><textarea cols=\"5\" rows=\"1\" maxlength=\"2000\" class=\"wpcf7-form-control wpcf7-textarea wpcf7-validates-as-required\" aria-required=\"true\" aria-invalid=\"false\" placeholder=\"Scrivi qui...\" name=\"your-message\"><\/textarea><\/span>\n<\/p>\n<p><span class=\"wpcf7-form-control-wrap\" data-name=\"acceptance-823\"><span class=\"wpcf7-form-control wpcf7-acceptance\"><span class=\"wpcf7-list-item\"><label><input type=\"checkbox\" name=\"acceptance-823\" value=\"1\" aria-invalid=\"false\" \/><span class=\"wpcf7-list-item-label\">Autorizzo al trattamento dei dati come da <a href=\"https:\/\/tholos-alcantara.com\/privacy-policy\/\" target=\"_blank\">Privacy Policy<\/a><\/span><\/label><\/span><\/span><\/span>\n<\/p>\n<p><input class=\"wpcf7-form-control wpcf7-submit has-spinner\" type=\"submit\" value=\"Invia\" \/>\n<\/p><div class=\"wpcf7-response-output\" aria-hidden=\"true\"><\/div>\n<\/form>\n<\/div>\n[vc_empty_space height=&#8221;40&#8243;][\/vc_column][\/vc_row]<\/p>\n","protected":false},"excerpt":{"rendered":"<p>[vc_row content_text_aligment=&#8221;&#8221; use_row_as_full_screen_section=&#8221;no&#8221;][vc_column][vc_single_image image=&#8221;14386&#8243; img_size=&#8221;full&#8221; alignment=&#8221;center&#8221;][\/vc_column][\/vc_row][vc_row content_placement=&#8221;top&#8221; row_content_width=&#8221;grid&#8221; content_text_aligment=&#8221;&#8221; use_row_as_full_screen_section=&#8221;no&#8221; css=&#8221;.vc_custom_1607607970193{padding-top: 20px !important;padding-bottom: 20px !important;}&#8221;][vc_column width=&#8221;1\/3&#8243;][vc_single_image image=&#8221;16115&#8243; img_size=&#8221;full&#8221;][\/vc_column][vc_column width=&#8221;2\/3&#8243; css=&#8221;.vc_custom_1607607525244{padding-top: 0px !important;}&#8221;][vc_column_text css=&#8221;.vc_custom_1607607565646{padding-top: 0px !important;}&#8221;] Contacts [\/vc_column_text][vc_empty_space height=&#8221;24&#8243;][vc_separator css=&#8221;.vc_custom_1465893407528{padding-bottom: 4px !important;}&#8221;][vc_column_text]Quartier g\u00e9n\u00e9ral op\u00e9rationnel: SS81 &#8211; C.da Marzacchina 161 &#8211; 95011 Calatabiano (CT) Si\u00e8ge juridique: Via [&hellip;]<\/p>\n","protected":false},"author":2,"featured_media":0,"parent":0,"menu_order":0,"comment_status":"closed","ping_status":"closed","template":"full-width.php","meta":{"footnotes":""},"class_list":["post-14515","page","type-page","status-publish","hentry"],"yoast_head":"<!-- This site is optimized with the Yoast SEO plugin v27.4 - https:\/\/yoast.com\/product\/yoast-seo-wordpress\/ -->\n<title>Contacts &#8212; Tholos Alcantara<\/title>\n<meta name=\"robots\" content=\"index, follow, max-snippet:-1, max-image-preview:large, max-video-preview:-1\" \/>\n<link rel=\"canonical\" href=\"https:\/\/tholos-alcantara.com\/fr\/contacts\/\" \/>\n<meta property=\"og:locale\" content=\"fr_FR\" \/>\n<meta property=\"og:type\" content=\"article\" \/>\n<meta property=\"og:title\" content=\"Contacts &#8212; Tholos Alcantara\" \/>\n<meta property=\"og:description\" content=\"[vc_row content_text_aligment=&#8221;&#8221; use_row_as_full_screen_section=&#8221;no&#8221;][vc_column][vc_single_image image=&#8221;14386&#8243; img_size=&#8221;full&#8221; alignment=&#8221;center&#8221;][\/vc_column][\/vc_row][vc_row content_placement=&#8221;top&#8221; row_content_width=&#8221;grid&#8221; content_text_aligment=&#8221;&#8221; use_row_as_full_screen_section=&#8221;no&#8221; css=&#8221;.vc_custom_1607607970193{padding-top: 20px !important;padding-bottom: 20px !important;}&#8221;][vc_column width=&#8221;1\/3&#8243;][vc_single_image image=&#8221;16115&#8243; img_size=&#8221;full&#8221;][\/vc_column][vc_column width=&#8221;2\/3&#8243; css=&#8221;.vc_custom_1607607525244{padding-top: 0px !important;}&#8221;][vc_column_text css=&#8221;.vc_custom_1607607565646{padding-top: 0px !important;}&#8221;] Contacts [\/vc_column_text][vc_empty_space height=&#8221;24&#8243;][vc_separator css=&#8221;.vc_custom_1465893407528{padding-bottom: 4px !important;}&#8221;][vc_column_text]Quartier g\u00e9n\u00e9ral op\u00e9rationnel: SS81 &#8211; C.da Marzacchina 161 &#8211; 95011 Calatabiano (CT) Si\u00e8ge juridique: Via [&hellip;]\" \/>\n<meta property=\"og:url\" content=\"https:\/\/tholos-alcantara.com\/fr\/contacts\/\" \/>\n<meta property=\"og:site_name\" content=\"Tholos Alcantara\" \/>\n<meta property=\"article:publisher\" content=\"https:\/\/www.facebook.com\/BeO-Oil-by-Tholos-101702215144688\" \/>\n<meta property=\"article:modified_time\" content=\"2025-07-02T14:13:54+00:00\" \/>\n<meta name=\"twitter:card\" content=\"summary_large_image\" \/>\n<meta name=\"twitter:label1\" content=\"Dur\u00e9e de lecture estim\u00e9e\" \/>\n\t<meta name=\"twitter:data1\" content=\"1 minute\" \/>\n<script type=\"application\/ld+json\" class=\"yoast-schema-graph\">{\"@context\":\"https:\\\/\\\/schema.org\",\"@graph\":[{\"@type\":\"WebPage\",\"@id\":\"https:\\\/\\\/tholos-alcantara.com\\\/fr\\\/contacts\\\/\",\"url\":\"https:\\\/\\\/tholos-alcantara.com\\\/fr\\\/contacts\\\/\",\"name\":\"Contacts &#8212; Tholos Alcantara\",\"isPartOf\":{\"@id\":\"https:\\\/\\\/tholos-alcantara.com\\\/#website\"},\"datePublished\":\"2021-01-08T15:35:58+00:00\",\"dateModified\":\"2025-07-02T14:13:54+00:00\",\"breadcrumb\":{\"@id\":\"https:\\\/\\\/tholos-alcantara.com\\\/fr\\\/contacts\\\/#breadcrumb\"},\"inLanguage\":\"fr-FR\",\"potentialAction\":[{\"@type\":\"ReadAction\",\"target\":[\"https:\\\/\\\/tholos-alcantara.com\\\/fr\\\/contacts\\\/\"]}]},{\"@type\":\"BreadcrumbList\",\"@id\":\"https:\\\/\\\/tholos-alcantara.com\\\/fr\\\/contacts\\\/#breadcrumb\",\"itemListElement\":[{\"@type\":\"ListItem\",\"position\":1,\"name\":\"Home\",\"item\":\"https:\\\/\\\/tholos-alcantara.com\\\/fr\\\/\"},{\"@type\":\"ListItem\",\"position\":2,\"name\":\"Contacts\"}]},{\"@type\":\"WebSite\",\"@id\":\"https:\\\/\\\/tholos-alcantara.com\\\/#website\",\"url\":\"https:\\\/\\\/tholos-alcantara.com\\\/\",\"name\":\"Tholos Alcantara\",\"description\":\"Taste the luxury\",\"publisher\":{\"@id\":\"https:\\\/\\\/tholos-alcantara.com\\\/#organization\"},\"potentialAction\":[{\"@type\":\"SearchAction\",\"target\":{\"@type\":\"EntryPoint\",\"urlTemplate\":\"https:\\\/\\\/tholos-alcantara.com\\\/?s={search_term_string}\"},\"query-input\":{\"@type\":\"PropertyValueSpecification\",\"valueRequired\":true,\"valueName\":\"search_term_string\"}}],\"inLanguage\":\"fr-FR\"},{\"@type\":\"Organization\",\"@id\":\"https:\\\/\\\/tholos-alcantara.com\\\/#organization\",\"name\":\"Tholos Alcantara\",\"url\":\"https:\\\/\\\/tholos-alcantara.com\\\/\",\"logo\":{\"@type\":\"ImageObject\",\"inLanguage\":\"fr-FR\",\"@id\":\"https:\\\/\\\/tholos-alcantara.com\\\/#\\\/schema\\\/logo\\\/image\\\/\",\"url\":\"https:\\\/\\\/tholos-alcantara.com\\\/wp-content\\\/uploads\\\/2020\\\/11\\\/logo-tholos-alcantara-1.png\",\"contentUrl\":\"https:\\\/\\\/tholos-alcantara.com\\\/wp-content\\\/uploads\\\/2020\\\/11\\\/logo-tholos-alcantara-1.png\",\"width\":250,\"height\":90,\"caption\":\"Tholos Alcantara\"},\"image\":{\"@id\":\"https:\\\/\\\/tholos-alcantara.com\\\/#\\\/schema\\\/logo\\\/image\\\/\"},\"sameAs\":[\"https:\\\/\\\/www.facebook.com\\\/BeO-Oil-by-Tholos-101702215144688\",\"https:\\\/\\\/www.instagram.com\\\/beo.oil\\\/\",\"https:\\\/\\\/www.linkedin.com\\\/company\\\/tholos-alcantara\",\"https:\\\/\\\/www.youtube.com\\\/channel\\\/UCS_ncw5snHjdBwvUdvrgoQA?view_as=subscriber\"]}]}<\/script>\n<!-- \/ Yoast SEO plugin. -->","yoast_head_json":{"title":"Contacts &#8212; Tholos Alcantara","robots":{"index":"index","follow":"follow","max-snippet":"max-snippet:-1","max-image-preview":"max-image-preview:large","max-video-preview":"max-video-preview:-1"},"canonical":"https:\/\/tholos-alcantara.com\/fr\/contacts\/","og_locale":"fr_FR","og_type":"article","og_title":"Contacts &#8212; Tholos Alcantara","og_description":"[vc_row content_text_aligment=&#8221;&#8221; use_row_as_full_screen_section=&#8221;no&#8221;][vc_column][vc_single_image image=&#8221;14386&#8243; img_size=&#8221;full&#8221; alignment=&#8221;center&#8221;][\/vc_column][\/vc_row][vc_row content_placement=&#8221;top&#8221; row_content_width=&#8221;grid&#8221; content_text_aligment=&#8221;&#8221; use_row_as_full_screen_section=&#8221;no&#8221; css=&#8221;.vc_custom_1607607970193{padding-top: 20px !important;padding-bottom: 20px !important;}&#8221;][vc_column width=&#8221;1\/3&#8243;][vc_single_image image=&#8221;16115&#8243; img_size=&#8221;full&#8221;][\/vc_column][vc_column width=&#8221;2\/3&#8243; css=&#8221;.vc_custom_1607607525244{padding-top: 0px !important;}&#8221;][vc_column_text css=&#8221;.vc_custom_1607607565646{padding-top: 0px !important;}&#8221;] Contacts [\/vc_column_text][vc_empty_space height=&#8221;24&#8243;][vc_separator css=&#8221;.vc_custom_1465893407528{padding-bottom: 4px !important;}&#8221;][vc_column_text]Quartier g\u00e9n\u00e9ral op\u00e9rationnel: SS81 &#8211; C.da Marzacchina 161 &#8211; 95011 Calatabiano (CT) Si\u00e8ge juridique: Via [&hellip;]","og_url":"https:\/\/tholos-alcantara.com\/fr\/contacts\/","og_site_name":"Tholos Alcantara","article_publisher":"https:\/\/www.facebook.com\/BeO-Oil-by-Tholos-101702215144688","article_modified_time":"2025-07-02T14:13:54+00:00","twitter_card":"summary_large_image","twitter_misc":{"Dur\u00e9e de lecture estim\u00e9e":"1 minute"},"schema":{"@context":"https:\/\/schema.org","@graph":[{"@type":"WebPage","@id":"https:\/\/tholos-alcantara.com\/fr\/contacts\/","url":"https:\/\/tholos-alcantara.com\/fr\/contacts\/","name":"Contacts &#8212; Tholos Alcantara","isPartOf":{"@id":"https:\/\/tholos-alcantara.com\/#website"},"datePublished":"2021-01-08T15:35:58+00:00","dateModified":"2025-07-02T14:13:54+00:00","breadcrumb":{"@id":"https:\/\/tholos-alcantara.com\/fr\/contacts\/#breadcrumb"},"inLanguage":"fr-FR","potentialAction":[{"@type":"ReadAction","target":["https:\/\/tholos-alcantara.com\/fr\/contacts\/"]}]},{"@type":"BreadcrumbList","@id":"https:\/\/tholos-alcantara.com\/fr\/contacts\/#breadcrumb","itemListElement":[{"@type":"ListItem","position":1,"name":"Home","item":"https:\/\/tholos-alcantara.com\/fr\/"},{"@type":"ListItem","position":2,"name":"Contacts"}]},{"@type":"WebSite","@id":"https:\/\/tholos-alcantara.com\/#website","url":"https:\/\/tholos-alcantara.com\/","name":"Tholos Alcantara","description":"Taste the luxury","publisher":{"@id":"https:\/\/tholos-alcantara.com\/#organization"},"potentialAction":[{"@type":"SearchAction","target":{"@type":"EntryPoint","urlTemplate":"https:\/\/tholos-alcantara.com\/?s={search_term_string}"},"query-input":{"@type":"PropertyValueSpecification","valueRequired":true,"valueName":"search_term_string"}}],"inLanguage":"fr-FR"},{"@type":"Organization","@id":"https:\/\/tholos-alcantara.com\/#organization","name":"Tholos Alcantara","url":"https:\/\/tholos-alcantara.com\/","logo":{"@type":"ImageObject","inLanguage":"fr-FR","@id":"https:\/\/tholos-alcantara.com\/#\/schema\/logo\/image\/","url":"https:\/\/tholos-alcantara.com\/wp-content\/uploads\/2020\/11\/logo-tholos-alcantara-1.png","contentUrl":"https:\/\/tholos-alcantara.com\/wp-content\/uploads\/2020\/11\/logo-tholos-alcantara-1.png","width":250,"height":90,"caption":"Tholos Alcantara"},"image":{"@id":"https:\/\/tholos-alcantara.com\/#\/schema\/logo\/image\/"},"sameAs":["https:\/\/www.facebook.com\/BeO-Oil-by-Tholos-101702215144688","https:\/\/www.instagram.com\/beo.oil\/","https:\/\/www.linkedin.com\/company\/tholos-alcantara","https:\/\/www.youtube.com\/channel\/UCS_ncw5snHjdBwvUdvrgoQA?view_as=subscriber"]}]}},"_links":{"self":[{"href":"https:\/\/tholos-alcantara.com\/fr\/wp-json\/wp\/v2\/pages\/14515","targetHints":{"allow":["GET"]}}],"collection":[{"href":"https:\/\/tholos-alcantara.com\/fr\/wp-json\/wp\/v2\/pages"}],"about":[{"href":"https:\/\/tholos-alcantara.com\/fr\/wp-json\/wp\/v2\/types\/page"}],"author":[{"embeddable":true,"href":"https:\/\/tholos-alcantara.com\/fr\/wp-json\/wp\/v2\/users\/2"}],"replies":[{"embeddable":true,"href":"https:\/\/tholos-alcantara.com\/fr\/wp-json\/wp\/v2\/comments?post=14515"}],"version-history":[{"count":6,"href":"https:\/\/tholos-alcantara.com\/fr\/wp-json\/wp\/v2\/pages\/14515\/revisions"}],"predecessor-version":[{"id":16221,"href":"https:\/\/tholos-alcantara.com\/fr\/wp-json\/wp\/v2\/pages\/14515\/revisions\/16221"}],"wp:attachment":[{"href":"https:\/\/tholos-alcantara.com\/fr\/wp-json\/wp\/v2\/media?parent=14515"}],"curies":[{"name":"wp","href":"https:\/\/api.w.org\/{rel}","templated":true}]}}